{"id":179,"date":"2025-08-07T09:53:29","date_gmt":"2025-08-07T12:53:29","guid":{"rendered":"https:\/\/staging1.alfakd.com\/?page_id=179"},"modified":"2025-08-11T09:24:12","modified_gmt":"2025-08-11T12:24:12","slug":"blog","status":"publish","type":"page","link":"https:\/\/alfakd.com\/staging1\/blog\/","title":{"rendered":"Blog"},"content":{"rendered":"\t\t<div data-elementor-type=\"wp-page\" data-elementor-id=\"179\" class=\"elementor elementor-179\" data-elementor-post-type=\"page\">\n\t\t\t\t<div class=\"elementor-element elementor-element-3ded0cdd e-flex e-con-boxed e-con e-parent\" data-id=\"3ded0cdd\" data-element_type=\"container\" data-settings=\"{&quot;background_background&quot;:&quot;classic&quot;}\">\n\t\t\t\t\t<div class=\"e-con-inner\">\n\t\t\t\t<div class=\"elementor-element elementor-element-b96562e elementor-widget__width-inherit elementor-widget elementor-widget-heading\" data-id=\"b96562e\" data-element_type=\"widget\" data-widget_type=\"heading.default\">\n\t\t\t\t<div class=\"elementor-widget-container\">\n\t\t\t\t\t<h2 class=\"elementor-heading-title elementor-size-default\">Blog<\/h2>\t\t\t\t<\/div>\n\t\t\t\t<\/div>\n\t\t\t\t\t<\/div>\n\t\t\t\t<\/div>\n\t\t<div class=\"elementor-element elementor-element-256e47b e-flex e-con-boxed e-con e-parent\" data-id=\"256e47b\" data-element_type=\"container\">\n\t\t\t\t\t<div class=\"e-con-inner\">\n\t\t\t\t<div class=\"elementor-element elementor-element-305a738 elementor-grid-3 elementor-grid-tablet-2 elementor-grid-mobile-1 elementor-posts--thumbnail-top load-more-align-center elementor-widget elementor-widget-posts\" data-id=\"305a738\" data-element_type=\"widget\" data-settings=\"{&quot;pagination_type&quot;:&quot;load_more_on_click&quot;,&quot;classic_columns&quot;:&quot;3&quot;,&quot;classic_columns_tablet&quot;:&quot;2&quot;,&quot;classic_columns_mobile&quot;:&quot;1&quot;,&quot;classic_row_gap&quot;:{&quot;unit&quot;:&quot;px&quot;,&quot;size&quot;:35,&quot;sizes&quot;:[]},&quot;classic_row_gap_tablet&quot;:{&quot;unit&quot;:&quot;px&quot;,&quot;size&quot;:&quot;&quot;,&quot;sizes&quot;:[]},&quot;classic_row_gap_mobile&quot;:{&quot;unit&quot;:&quot;px&quot;,&quot;size&quot;:&quot;&quot;,&quot;sizes&quot;:[]},&quot;load_more_spinner&quot;:{&quot;value&quot;:&quot;fas fa-spinner&quot;,&quot;library&quot;:&quot;fa-solid&quot;}}\" data-widget_type=\"posts.classic\">\n\t\t\t\t<div class=\"elementor-widget-container\">\n\t\t\t\t\t\t\t<div class=\"elementor-posts-container elementor-posts elementor-posts--skin-classic elementor-grid\" role=\"list\">\n\t\t\t\t<article class=\"elementor-post elementor-grid-item post-144 post type-post status-publish format-standard has-post-thumbnail hentry category-consumidor\" role=\"listitem\">\n\t\t\t\t<a class=\"elementor-post__thumbnail__link\" href=\"https:\/\/alfakd.com\/staging1\/direitos-do-consumidor-o-que-voce-precisa-saber\/\" tabindex=\"-1\" >\n\t\t\t<div class=\"elementor-post__thumbnail\"><img fetchpriority=\"high\" decoding=\"async\" width=\"400\" height=\"300\" src=\"https:\/\/alfakd.com\/staging1\/wp-content\/uploads\/2025\/08\/Artboard-1-copy-4.jpg\" class=\"attachment-full size-full wp-image-145\" alt=\"\" srcset=\"https:\/\/alfakd.com\/staging1\/wp-content\/uploads\/2025\/08\/Artboard-1-copy-4.jpg 400w, https:\/\/alfakd.com\/staging1\/wp-content\/uploads\/2025\/08\/Artboard-1-copy-4-300x225.jpg 300w\" sizes=\"(max-width: 400px) 100vw, 400px\" \/><\/div>\n\t\t<\/a>\n\t\t\t\t<div class=\"elementor-post__text\">\n\t\t\t\t<h3 class=\"elementor-post__title\">\n\t\t\t<a href=\"https:\/\/alfakd.com\/staging1\/direitos-do-consumidor-o-que-voce-precisa-saber\/\" >\n\t\t\t\tDireitos do consumidor: O que voc\u00ea precisa saber?\t\t\t<\/a>\n\t\t<\/h3>\n\t\t\t\t<div class=\"elementor-post__meta-data\">\n\t\t\t\t\t<span class=\"elementor-post-date\">\n\t\t\t5 de agosto de 2025\t\t<\/span>\n\t\t\t\t<\/div>\n\t\t\t\t<div class=\"elementor-post__excerpt\">\n\t\t\t<p>Lorem ipsum dolor sit amet, consectetur adipiscing elit. Nulla non purus sed odio fringilla cursus. Fusce a nibh tellus. Nunc sagittis libero rutrum dictum ultricies. Praesent at enim et nisl<\/p>\n\t\t<\/div>\n\t\t\n\t\t<a class=\"elementor-post__read-more\" href=\"https:\/\/alfakd.com\/staging1\/direitos-do-consumidor-o-que-voce-precisa-saber\/\" aria-label=\"Leia mais sobre Direitos do consumidor: O que voc\u00ea precisa saber?\" tabindex=\"-1\" >\n\t\t\tLeia mais \u00bb\t\t<\/a>\n\n\t\t\t\t<\/div>\n\t\t\t\t<\/article>\n\t\t\t\t<article class=\"elementor-post elementor-grid-item post-142 post type-post status-publish format-standard has-post-thumbnail hentry category-geral\" role=\"listitem\">\n\t\t\t\t<a class=\"elementor-post__thumbnail__link\" href=\"https:\/\/alfakd.com\/staging1\/os-5-erros-mais-comuns-em-contratos-e-como-evita-los\/\" tabindex=\"-1\" >\n\t\t\t<div class=\"elementor-post__thumbnail\"><img decoding=\"async\" width=\"400\" height=\"300\" src=\"https:\/\/alfakd.com\/staging1\/wp-content\/uploads\/2025\/08\/0-1.jpg\" class=\"attachment-full size-full wp-image-135\" alt=\"\" srcset=\"https:\/\/alfakd.com\/staging1\/wp-content\/uploads\/2025\/08\/0-1.jpg 400w, https:\/\/alfakd.com\/staging1\/wp-content\/uploads\/2025\/08\/0-1-300x225.jpg 300w\" sizes=\"(max-width: 400px) 100vw, 400px\" \/><\/div>\n\t\t<\/a>\n\t\t\t\t<div class=\"elementor-post__text\">\n\t\t\t\t<h3 class=\"elementor-post__title\">\n\t\t\t<a href=\"https:\/\/alfakd.com\/staging1\/os-5-erros-mais-comuns-em-contratos-e-como-evita-los\/\" >\n\t\t\t\tOs 5 erros mais comuns em contratos e como evit\u00e1-los\t\t\t<\/a>\n\t\t<\/h3>\n\t\t\t\t<div class=\"elementor-post__meta-data\">\n\t\t\t\t\t<span class=\"elementor-post-date\">\n\t\t\t5 de agosto de 2025\t\t<\/span>\n\t\t\t\t<\/div>\n\t\t\t\t<div class=\"elementor-post__excerpt\">\n\t\t\t<p>Lorem ipsum dolor sit amet, consectetur adipiscing elit. Nulla non purus sed odio fringilla cursus. Fusce a nibh tellus. Nunc sagittis libero rutrum dictum ultricies. Praesent at enim et nisl<\/p>\n\t\t<\/div>\n\t\t\n\t\t<a class=\"elementor-post__read-more\" href=\"https:\/\/alfakd.com\/staging1\/os-5-erros-mais-comuns-em-contratos-e-como-evita-los\/\" aria-label=\"Leia mais sobre Os 5 erros mais comuns em contratos e como evit\u00e1-los\" tabindex=\"-1\" >\n\t\t\tLeia mais \u00bb\t\t<\/a>\n\n\t\t\t\t<\/div>\n\t\t\t\t<\/article>\n\t\t\t\t<article class=\"elementor-post elementor-grid-item post-140 post type-post status-publish format-standard has-post-thumbnail hentry category-familia\" role=\"listitem\">\n\t\t\t\t<a class=\"elementor-post__thumbnail__link\" href=\"https:\/\/alfakd.com\/staging1\/inventario-e-partilha-de-bens-o-que-voce-deve-saber\/\" tabindex=\"-1\" >\n\t\t\t<div class=\"elementor-post__thumbnail\"><img decoding=\"async\" width=\"400\" height=\"300\" src=\"https:\/\/alfakd.com\/staging1\/wp-content\/uploads\/2025\/08\/0-3.jpg\" class=\"attachment-full size-full wp-image-137\" alt=\"\" srcset=\"https:\/\/alfakd.com\/staging1\/wp-content\/uploads\/2025\/08\/0-3.jpg 400w, https:\/\/alfakd.com\/staging1\/wp-content\/uploads\/2025\/08\/0-3-300x225.jpg 300w\" sizes=\"(max-width: 400px) 100vw, 400px\" \/><\/div>\n\t\t<\/a>\n\t\t\t\t<div class=\"elementor-post__text\">\n\t\t\t\t<h3 class=\"elementor-post__title\">\n\t\t\t<a href=\"https:\/\/alfakd.com\/staging1\/inventario-e-partilha-de-bens-o-que-voce-deve-saber\/\" >\n\t\t\t\tInvent\u00e1rio e partilha de bens: O que voc\u00ea deve saber\t\t\t<\/a>\n\t\t<\/h3>\n\t\t\t\t<div class=\"elementor-post__meta-data\">\n\t\t\t\t\t<span class=\"elementor-post-date\">\n\t\t\t5 de agosto de 2025\t\t<\/span>\n\t\t\t\t<\/div>\n\t\t\t\t<div class=\"elementor-post__excerpt\">\n\t\t\t<p>Lorem ipsum dolor sit amet, consectetur adipiscing elit. Nulla non purus sed odio fringilla cursus. Fusce a nibh tellus. Nunc sagittis libero rutrum dictum ultricies. Praesent at enim et nisl<\/p>\n\t\t<\/div>\n\t\t\n\t\t<a class=\"elementor-post__read-more\" href=\"https:\/\/alfakd.com\/staging1\/inventario-e-partilha-de-bens-o-que-voce-deve-saber\/\" aria-label=\"Leia mais sobre Invent\u00e1rio e partilha de bens: O que voc\u00ea deve saber\" tabindex=\"-1\" >\n\t\t\tLeia mais \u00bb\t\t<\/a>\n\n\t\t\t\t<\/div>\n\t\t\t\t<\/article>\n\t\t\t\t<article class=\"elementor-post elementor-grid-item post-134 post type-post status-publish format-standard has-post-thumbnail hentry category-geral\" role=\"listitem\">\n\t\t\t\t<a class=\"elementor-post__thumbnail__link\" href=\"https:\/\/alfakd.com\/staging1\/entenda-o-que-e-compliance-e-sua-importancia-para-empresas\/\" tabindex=\"-1\" >\n\t\t\t<div class=\"elementor-post__thumbnail\"><img loading=\"lazy\" decoding=\"async\" width=\"400\" height=\"300\" src=\"https:\/\/alfakd.com\/staging1\/wp-content\/uploads\/2025\/08\/0-4.jpg\" class=\"attachment-full size-full wp-image-138\" alt=\"\" srcset=\"https:\/\/alfakd.com\/staging1\/wp-content\/uploads\/2025\/08\/0-4.jpg 400w, https:\/\/alfakd.com\/staging1\/wp-content\/uploads\/2025\/08\/0-4-300x225.jpg 300w\" sizes=\"(max-width: 400px) 100vw, 400px\" \/><\/div>\n\t\t<\/a>\n\t\t\t\t<div class=\"elementor-post__text\">\n\t\t\t\t<h3 class=\"elementor-post__title\">\n\t\t\t<a href=\"https:\/\/alfakd.com\/staging1\/entenda-o-que-e-compliance-e-sua-importancia-para-empresas\/\" >\n\t\t\t\tEntenda o que \u00e9 compliance e sua import\u00e2ncia para empresas\t\t\t<\/a>\n\t\t<\/h3>\n\t\t\t\t<div class=\"elementor-post__meta-data\">\n\t\t\t\t\t<span class=\"elementor-post-date\">\n\t\t\t5 de agosto de 2025\t\t<\/span>\n\t\t\t\t<\/div>\n\t\t\t\t<div class=\"elementor-post__excerpt\">\n\t\t\t<p>Lorem ipsum dolor sit amet, consectetur adipiscing elit. Nulla non purus sed odio fringilla cursus. Fusce a nibh tellus. Nunc sagittis libero rutrum dictum ultricies. Praesent at enim et nisl<\/p>\n\t\t<\/div>\n\t\t\n\t\t<a class=\"elementor-post__read-more\" href=\"https:\/\/alfakd.com\/staging1\/entenda-o-que-e-compliance-e-sua-importancia-para-empresas\/\" aria-label=\"Leia mais sobre Entenda o que \u00e9 compliance e sua import\u00e2ncia para empresas\" tabindex=\"-1\" >\n\t\t\tLeia mais \u00bb\t\t<\/a>\n\n\t\t\t\t<\/div>\n\t\t\t\t<\/article>\n\t\t\t\t<article class=\"elementor-post elementor-grid-item post-217 post type-post status-publish format-standard has-post-thumbnail hentry category-sem-categoria\" role=\"listitem\">\n\t\t\t\t<a class=\"elementor-post__thumbnail__link\" href=\"https:\/\/alfakd.com\/staging1\/postagem-de-exemplo-03\/\" tabindex=\"-1\" >\n\t\t\t<div class=\"elementor-post__thumbnail\"><img decoding=\"async\" width=\"400\" height=\"300\" src=\"https:\/\/alfakd.com\/staging1\/wp-content\/uploads\/2025\/08\/0-1.jpg\" class=\"attachment-full size-full wp-image-135\" alt=\"\" srcset=\"https:\/\/alfakd.com\/staging1\/wp-content\/uploads\/2025\/08\/0-1.jpg 400w, https:\/\/alfakd.com\/staging1\/wp-content\/uploads\/2025\/08\/0-1-300x225.jpg 300w\" sizes=\"(max-width: 400px) 100vw, 400px\" \/><\/div>\n\t\t<\/a>\n\t\t\t\t<div class=\"elementor-post__text\">\n\t\t\t\t<h3 class=\"elementor-post__title\">\n\t\t\t<a href=\"https:\/\/alfakd.com\/staging1\/postagem-de-exemplo-03\/\" >\n\t\t\t\tPostagem de exemplo 03\t\t\t<\/a>\n\t\t<\/h3>\n\t\t\t\t<div class=\"elementor-post__meta-data\">\n\t\t\t\t\t<span class=\"elementor-post-date\">\n\t\t\t11 de julho de 2025\t\t<\/span>\n\t\t\t\t<\/div>\n\t\t\t\t<div class=\"elementor-post__excerpt\">\n\t\t\t<p>Lorem ipsum dolor sit amet, consectetur adipiscing elit. Nulla non purus sed odio fringilla cursus. Fusce a nibh tellus. Nunc sagittis libero rutrum dictum ultricies. Praesent at enim et nisl<\/p>\n\t\t<\/div>\n\t\t\n\t\t<a class=\"elementor-post__read-more\" href=\"https:\/\/alfakd.com\/staging1\/postagem-de-exemplo-03\/\" aria-label=\"Leia mais sobre Postagem de exemplo 03\" tabindex=\"-1\" >\n\t\t\tLeia mais \u00bb\t\t<\/a>\n\n\t\t\t\t<\/div>\n\t\t\t\t<\/article>\n\t\t\t\t<article class=\"elementor-post elementor-grid-item post-200 post type-post status-publish format-standard has-post-thumbnail hentry category-imobiliaria\" role=\"listitem\">\n\t\t\t\t<a class=\"elementor-post__thumbnail__link\" href=\"https:\/\/alfakd.com\/staging1\/postagem-de-exemplo\/\" tabindex=\"-1\" >\n\t\t\t<div class=\"elementor-post__thumbnail\"><img decoding=\"async\" width=\"400\" height=\"300\" src=\"https:\/\/alfakd.com\/staging1\/wp-content\/uploads\/2025\/08\/0-3.jpg\" class=\"attachment-full size-full wp-image-137\" alt=\"\" srcset=\"https:\/\/alfakd.com\/staging1\/wp-content\/uploads\/2025\/08\/0-3.jpg 400w, https:\/\/alfakd.com\/staging1\/wp-content\/uploads\/2025\/08\/0-3-300x225.jpg 300w\" sizes=\"(max-width: 400px) 100vw, 400px\" \/><\/div>\n\t\t<\/a>\n\t\t\t\t<div class=\"elementor-post__text\">\n\t\t\t\t<h3 class=\"elementor-post__title\">\n\t\t\t<a href=\"https:\/\/alfakd.com\/staging1\/postagem-de-exemplo\/\" >\n\t\t\t\tPostagem de exemplo\t\t\t<\/a>\n\t\t<\/h3>\n\t\t\t\t<div class=\"elementor-post__meta-data\">\n\t\t\t\t\t<span class=\"elementor-post-date\">\n\t\t\t11 de julho de 2025\t\t<\/span>\n\t\t\t\t<\/div>\n\t\t\t\t<div class=\"elementor-post__excerpt\">\n\t\t\t<p>Lorem ipsum dolor sit amet, consectetur adipiscing elit. Nulla non purus sed odio fringilla cursus. Fusce a nibh tellus. Nunc sagittis libero rutrum dictum ultricies. Praesent at enim et nisl<\/p>\n\t\t<\/div>\n\t\t\n\t\t<a class=\"elementor-post__read-more\" href=\"https:\/\/alfakd.com\/staging1\/postagem-de-exemplo\/\" aria-label=\"Leia mais sobre Postagem de exemplo\" tabindex=\"-1\" >\n\t\t\tLeia mais \u00bb\t\t<\/a>\n\n\t\t\t\t<\/div>\n\t\t\t\t<\/article>\n\t\t\t\t<\/div>\n\t\t\t\t\t<span class=\"e-load-more-spinner\">\n\t\t\t\t<svg aria-hidden=\"true\" class=\"e-font-icon-svg e-fas-spinner\" viewBox=\"0 0 512 512\" xmlns=\"http:\/\/www.w3.org\/2000\/svg\"><path d=\"M304 48c0 26.51-21.49 48-48 48s-48-21.49-48-48 21.49-48 48-48 48 21.49 48 48zm-48 368c-26.51 0-48 21.49-48 48s21.49 48 48 48 48-21.49 48-48-21.49-48-48-48zm208-208c-26.51 0-48 21.49-48 48s21.49 48 48 48 48-21.49 48-48-21.49-48-48-48zM96 256c0-26.51-21.49-48-48-48S0 229.49 0 256s21.49 48 48 48 48-21.49 48-48zm12.922 99.078c-26.51 0-48 21.49-48 48s21.49 48 48 48 48-21.49 48-48c0-26.509-21.491-48-48-48zm294.156 0c-26.51 0-48 21.49-48 48s21.49 48 48 48 48-21.49 48-48c0-26.509-21.49-48-48-48zM108.922 60.922c-26.51 0-48 21.49-48 48s21.49 48 48 48 48-21.49 48-48-21.491-48-48-48z\"><\/path><\/svg>\t\t\t<\/span>\n\t\t\n\t\t\t\t<div class=\"e-load-more-anchor\" data-page=\"1\" data-max-page=\"2\" data-next-page=\"https:\/\/alfakd.com\/staging1\/wp-json\/wp\/v2\/pages\/179\/page\/2\/\"><\/div>\n\t\t\t\t<div class=\"elementor-button-wrapper\">\n\t\t\t<a class=\"elementor-button elementor-size-sm\" role=\"button\">\n\t\t\t\t\t\t<span class=\"elementor-button-content-wrapper\">\n\t\t\t\t\t\t\t<span class=\"elementor-button-icon\">\n\t\t\t\t<svg aria-hidden=\"true\" class=\"e-font-icon-svg e-far-arrow-alt-circle-down\" viewBox=\"0 0 512 512\" xmlns=\"http:\/\/www.w3.org\/2000\/svg\"><path d=\"M256 8C119 8 8 119 8 256s111 248 248 248 248-111 248-248S393 8 256 8zm0 448c-110.5 0-200-89.5-200-200S145.5 56 256 56s200 89.5 200 200-89.5 200-200 200zm-32-316v116h-67c-10.7 0-16 12.9-8.5 20.5l99 99c4.7 4.7 12.3 4.7 17 0l99-99c7.6-7.6 2.2-20.5-8.5-20.5h-67V140c0-6.6-5.4-12-12-12h-40c-6.6 0-12 5.4-12 12z\"><\/path><\/svg>\t\t\t<\/span>\n\t\t\t\t\t\t\t\t\t<span class=\"elementor-button-text\">Carregar mais<\/span>\n\t\t\t\t\t<\/span>\n\t\t\t\t\t<\/a>\n\t\t<\/div>\n\t\t\t\t<div class=\"e-load-more-message\"><\/div>\n\t\t\t\t\t\t<\/div>\n\t\t\t\t<\/div>\n\t\t\t\t\t<\/div>\n\t\t\t\t<\/div>\n\t\t\t\t<\/div>\n\t\t","protected":false},"excerpt":{"rendered":"<p>Blog<\/p>\n","protected":false},"author":1,"featured_media":0,"parent":0,"menu_order":0,"comment_status":"closed","ping_status":"closed","template":"","meta":{"footnotes":""},"class_list":["post-179","page","type-page","status-publish","hentry"],"yoast_head":"<!-- This site is optimized with the Yoast SEO plugin v26.7 - https:\/\/yoast.com\/wordpress\/plugins\/seo\/ -->\n<title>Blog - Staging1<\/title>\n<meta name=\"description\" content=\"Se voc\u00ea tem algum problema legal em sua vida, n\u00f3s estamos dispon\u00edveis.\" \/>\n<meta name=\"robots\" content=\"noindex, follow, max-snippet:-1, max-image-preview:large, max-video-preview:-1\" \/>\n<meta property=\"og:locale\" content=\"pt_BR\" \/>\n<meta property=\"og:type\" content=\"article\" \/>\n<meta property=\"og:title\" content=\"Blog - Staging1\" \/>\n<meta property=\"og:description\" content=\"Se voc\u00ea tem algum problema legal em sua vida, n\u00f3s estamos dispon\u00edveis.\" \/>\n<meta property=\"og:url\" content=\"https:\/\/alfakd.com\/staging1\/blog\/\" \/>\n<meta property=\"og:site_name\" content=\"Staging1\" \/>\n<meta property=\"article:modified_time\" content=\"2025-08-11T12:24:12+00:00\" \/>\n<meta property=\"og:image\" content=\"https:\/\/alfakd.com\/staging1\/wp-content\/uploads\/2025\/05\/click.png\" \/>\n\t<meta property=\"og:image:width\" content=\"600\" \/>\n\t<meta property=\"og:image:height\" content=\"177\" \/>\n\t<meta property=\"og:image:type\" content=\"image\/png\" \/>\n<meta name=\"twitter:card\" content=\"summary_large_image\" \/>\n<script type=\"application\/ld+json\" class=\"yoast-schema-graph\">{\"@context\":\"https:\/\/schema.org\",\"@graph\":[{\"@type\":\"WebPage\",\"@id\":\"https:\/\/alfakd.com\/staging1\/blog\/\",\"url\":\"https:\/\/alfakd.com\/staging1\/blog\/\",\"name\":\"Blog - Staging1\",\"isPartOf\":{\"@id\":\"https:\/\/alfakd.com\/staging1\/#website\"},\"datePublished\":\"2025-08-07T12:53:29+00:00\",\"dateModified\":\"2025-08-11T12:24:12+00:00\",\"description\":\"Se voc\u00ea tem algum problema legal em sua vida, n\u00f3s estamos dispon\u00edveis.\",\"breadcrumb\":{\"@id\":\"https:\/\/alfakd.com\/staging1\/blog\/#breadcrumb\"},\"inLanguage\":\"pt-BR\",\"potentialAction\":[{\"@type\":\"ReadAction\",\"target\":[\"https:\/\/alfakd.com\/staging1\/blog\/\"]}]},{\"@type\":\"BreadcrumbList\",\"@id\":\"https:\/\/alfakd.com\/staging1\/blog\/#breadcrumb\",\"itemListElement\":[{\"@type\":\"ListItem\",\"position\":1,\"name\":\"In\u00edcio\",\"item\":\"https:\/\/alfakd.com\/staging1\/\"},{\"@type\":\"ListItem\",\"position\":2,\"name\":\"Blog\"}]},{\"@type\":\"WebSite\",\"@id\":\"https:\/\/alfakd.com\/staging1\/#website\",\"url\":\"https:\/\/alfakd.com\/staging1\/\",\"name\":\"Staging1.alfakd\",\"description\":\"Se voc\u00ea tem algum problema legal em sua vida, n\u00f3s estamos dispon\u00edveis.\",\"publisher\":{\"@id\":\"https:\/\/alfakd.com\/staging1\/#organization\"},\"potentialAction\":[{\"@type\":\"SearchAction\",\"target\":{\"@type\":\"EntryPoint\",\"urlTemplate\":\"https:\/\/alfakd.com\/staging1\/?s={search_term_string}\"},\"query-input\":{\"@type\":\"PropertyValueSpecification\",\"valueRequired\":true,\"valueName\":\"search_term_string\"}}],\"inLanguage\":\"pt-BR\"},{\"@type\":\"Organization\",\"@id\":\"https:\/\/alfakd.com\/staging1\/#organization\",\"name\":\"Staging1.alfakd\",\"url\":\"https:\/\/alfakd.com\/staging1\/\",\"logo\":{\"@type\":\"ImageObject\",\"inLanguage\":\"pt-BR\",\"@id\":\"https:\/\/alfakd.com\/staging1\/#\/schema\/logo\/image\/\",\"url\":\"https:\/\/alfakd.com\/staging1\/wp-content\/uploads\/2025\/05\/click.png\",\"contentUrl\":\"https:\/\/alfakd.com\/staging1\/wp-content\/uploads\/2025\/05\/click.png\",\"width\":600,\"height\":177,\"caption\":\"Staging1.alfakd\"},\"image\":{\"@id\":\"https:\/\/alfakd.com\/staging1\/#\/schema\/logo\/image\/\"}}]}<\/script>\n<!-- \/ Yoast SEO plugin. -->","yoast_head_json":{"title":"Blog - Staging1","description":"Se voc\u00ea tem algum problema legal em sua vida, n\u00f3s estamos dispon\u00edveis.","robots":{"index":"noindex","follow":"follow","max-snippet":"max-snippet:-1","max-image-preview":"max-image-preview:large","max-video-preview":"max-video-preview:-1"},"og_locale":"pt_BR","og_type":"article","og_title":"Blog - Staging1","og_description":"Se voc\u00ea tem algum problema legal em sua vida, n\u00f3s estamos dispon\u00edveis.","og_url":"https:\/\/alfakd.com\/staging1\/blog\/","og_site_name":"Staging1","article_modified_time":"2025-08-11T12:24:12+00:00","og_image":[{"width":600,"height":177,"url":"https:\/\/alfakd.com\/staging1\/wp-content\/uploads\/2025\/05\/click.png","type":"image\/png"}],"twitter_card":"summary_large_image","schema":{"@context":"https:\/\/schema.org","@graph":[{"@type":"WebPage","@id":"https:\/\/alfakd.com\/staging1\/blog\/","url":"https:\/\/alfakd.com\/staging1\/blog\/","name":"Blog - Staging1","isPartOf":{"@id":"https:\/\/alfakd.com\/staging1\/#website"},"datePublished":"2025-08-07T12:53:29+00:00","dateModified":"2025-08-11T12:24:12+00:00","description":"Se voc\u00ea tem algum problema legal em sua vida, n\u00f3s estamos dispon\u00edveis.","breadcrumb":{"@id":"https:\/\/alfakd.com\/staging1\/blog\/#breadcrumb"},"inLanguage":"pt-BR","potentialAction":[{"@type":"ReadAction","target":["https:\/\/alfakd.com\/staging1\/blog\/"]}]},{"@type":"BreadcrumbList","@id":"https:\/\/alfakd.com\/staging1\/blog\/#breadcrumb","itemListElement":[{"@type":"ListItem","position":1,"name":"In\u00edcio","item":"https:\/\/alfakd.com\/staging1\/"},{"@type":"ListItem","position":2,"name":"Blog"}]},{"@type":"WebSite","@id":"https:\/\/alfakd.com\/staging1\/#website","url":"https:\/\/alfakd.com\/staging1\/","name":"Staging1.alfakd","description":"Se voc\u00ea tem algum problema legal em sua vida, n\u00f3s estamos dispon\u00edveis.","publisher":{"@id":"https:\/\/alfakd.com\/staging1\/#organization"},"potentialAction":[{"@type":"SearchAction","target":{"@type":"EntryPoint","urlTemplate":"https:\/\/alfakd.com\/staging1\/?s={search_term_string}"},"query-input":{"@type":"PropertyValueSpecification","valueRequired":true,"valueName":"search_term_string"}}],"inLanguage":"pt-BR"},{"@type":"Organization","@id":"https:\/\/alfakd.com\/staging1\/#organization","name":"Staging1.alfakd","url":"https:\/\/alfakd.com\/staging1\/","logo":{"@type":"ImageObject","inLanguage":"pt-BR","@id":"https:\/\/alfakd.com\/staging1\/#\/schema\/logo\/image\/","url":"https:\/\/alfakd.com\/staging1\/wp-content\/uploads\/2025\/05\/click.png","contentUrl":"https:\/\/alfakd.com\/staging1\/wp-content\/uploads\/2025\/05\/click.png","width":600,"height":177,"caption":"Staging1.alfakd"},"image":{"@id":"https:\/\/alfakd.com\/staging1\/#\/schema\/logo\/image\/"}}]}},"_links":{"self":[{"href":"https:\/\/alfakd.com\/staging1\/wp-json\/wp\/v2\/pages\/179","targetHints":{"allow":["GET"]}}],"collection":[{"href":"https:\/\/alfakd.com\/staging1\/wp-json\/wp\/v2\/pages"}],"about":[{"href":"https:\/\/alfakd.com\/staging1\/wp-json\/wp\/v2\/types\/page"}],"author":[{"embeddable":true,"href":"https:\/\/alfakd.com\/staging1\/wp-json\/wp\/v2\/users\/1"}],"replies":[{"embeddable":true,"href":"https:\/\/alfakd.com\/staging1\/wp-json\/wp\/v2\/comments?post=179"}],"version-history":[{"count":7,"href":"https:\/\/alfakd.com\/staging1\/wp-json\/wp\/v2\/pages\/179\/revisions"}],"predecessor-version":[{"id":199,"href":"https:\/\/alfakd.com\/staging1\/wp-json\/wp\/v2\/pages\/179\/revisions\/199"}],"wp:attachment":[{"href":"https:\/\/alfakd.com\/staging1\/wp-json\/wp\/v2\/media?parent=179"}],"curies":[{"name":"wp","href":"https:\/\/api.w.org\/{rel}","templated":true}]}}